{"id":6,"date":"2022-03-22T10:18:21","date_gmt":"2022-03-22T10:18:21","guid":{"rendered":"https:\/\/praxis-jahrmann.de\/?page_id=6"},"modified":"2022-03-23T10:53:15","modified_gmt":"2022-03-23T10:53:15","slug":"willkommen","status":"publish","type":"page","link":"https:\/\/praxis-jahrmann.de\/","title":{"rendered":"Willkommen"},"content":{"rendered":"\n<p><mark style=\"background-color:rgba(0, 0, 0, 0)\" class=\"has-inline-color has-black-color\"><strong>Es freut uns sehr, dass Sie unserer Naturheilpraxis einen virtuellen Besuch abstatten. <\/strong><\/mark><\/p>\n\n\n\n<p>Auf den folgenden Seiten m\u00f6chten wir Ihnen einige unserer Methoden vorstellen und Ihnen unsere Arbeitsweise n\u00e4her bringen.<\/p>\n\n\n\n<p>Sie erhalten einen \u00dcberblick \u00fcber unser umfangreiches Leistungsspektrum und finden alle wichtigen Informationen rund um unsere Praxis. Wir freuen uns auf Sie!<\/p>\n\n\n\n<p><strong>Ihre Susanne &amp; Thomas Jahrmann<\/strong><\/p>\n\n\n\n<figure class=\"wp-block-image size-full\"><img loading=\"lazy\" decoding=\"async\" width=\"628\" height=\"692\" src=\"https:\/\/praxis-jahrmann.de\/wp-content\/uploads\/2022\/03\/anfahrt.jpg\" alt=\"\" class=\"wp-image-94\" srcset=\"https:\/\/praxis-jahrmann.de\/wp-content\/uploads\/2022\/03\/anfahrt.jpg 628w, https:\/\/praxis-jahrmann.de\/wp-content\/uploads\/2022\/03\/anfahrt-272x300.jpg 272w\" sizes=\"auto, (max-width: 628px) 100vw, 628px\" \/><\/figure>\n\n\n\n<p>Naturheilpraxis Jahrmann<br>Kanalstra\u00dfe 21<br>97990 Weikersheim<\/p>\n\n\n\n<p>Telefon: 07934 994220<br>Telefax: 07934 994221<br>E-Mail: info@praxis-jahrmann.de<\/p>\n","protected":false},"excerpt":{"rendered":"<p>Es freut uns sehr, dass Sie unserer Naturheilpraxis einen virtuellen Besuch abstatten. Auf den folgenden Seiten m\u00f6chten wir Ihnen einige unserer Methoden vorstellen und Ihnen unsere Arbeitsweise n\u00e4her bringen. Sie erhalten einen \u00dcberblick \u00fcber unser umfangreiches Leistungsspektrum und finden alle wichtigen Informationen rund um unsere Praxis. Wir freuen uns auf Sie! Ihre Susanne &amp; Thomas Jahrmann Naturheilpraxis JahrmannKanalstra\u00dfe 2197990 Weikersheim Telefon: 07934 994220Telefax: 07934 994221E-Mail: info@praxis-jahrmann.de<\/p>\n","protected":false},"author":1,"featured_media":0,"parent":0,"menu_order":0,"comment_status":"closed","ping_status":"closed","template":"","meta":{"footnotes":""},"class_list":["post-6","page","type-page","status-publish"],"_links":{"self":[{"href":"https:\/\/praxis-jahrmann.de\/index.php?rest_route=\/wp\/v2\/pages\/6","targetHints":{"allow":["GET"]}}],"collection":[{"href":"https:\/\/praxis-jahrmann.de\/index.php?rest_route=\/wp\/v2\/pages"}],"about":[{"href":"https:\/\/praxis-jahrmann.de\/index.php?rest_route=\/wp\/v2\/types\/page"}],"author":[{"embeddable":true,"href":"https:\/\/praxis-jahrmann.de\/index.php?rest_route=\/wp\/v2\/users\/1"}],"replies":[{"embeddable":true,"href":"https:\/\/praxis-jahrmann.de\/index.php?rest_route=%2Fwp%2Fv2%2Fcomments&post=6"}],"version-history":[{"count":8,"href":"https:\/\/praxis-jahrmann.de\/index.php?rest_route=\/wp\/v2\/pages\/6\/revisions"}],"predecessor-version":[{"id":109,"href":"https:\/\/praxis-jahrmann.de\/index.php?rest_route=\/wp\/v2\/pages\/6\/revisions\/109"}],"wp:attachment":[{"href":"https:\/\/praxis-jahrmann.de\/index.php?rest_route=%2Fwp%2Fv2%2Fmedia&parent=6"}],"curies":[{"name":"wp","href":"https:\/\/api.w.org\/{rel}","templated":true}]}}