{"id":41,"date":"2022-03-22T14:09:41","date_gmt":"2022-03-22T14:09:41","guid":{"rendered":"https:\/\/praxis-jahrmann.de\/?page_id=41"},"modified":"2022-03-22T14:12:11","modified_gmt":"2022-03-22T14:12:11","slug":"__trashed","status":"publish","type":"page","link":"https:\/\/praxis-jahrmann.de\/?page_id=41","title":{"rendered":"Impressum"},"content":{"rendered":"\n<h1 class=\"wp-block-heading\">Impressum<\/h1>\n\n\n\n<h2 class=\"wp-block-heading\">Angaben gem\u00e4\u00df \u00a7 5 TMG:<\/h2>\n\n\n\n<p>Naturheilpraxis Jahrmann<br>Kanalstra\u00dfe 21<br>97990 Weikersheim<\/p>\n\n\n\n<h2 class=\"wp-block-heading\">Vertreten durch:<\/h2>\n\n\n\n<p>Dr.rer.nat Thomas Jahrmann<br>Susanne Jahrmann<\/p>\n\n\n\n<h2 class=\"wp-block-heading\">Kontakt:<\/h2>\n\n\n\n<p>Telefon: 07934 994220<br>Telefax: 07934 994221<br>E-Mail: info@praxis-jahrmann.de<\/p>\n\n\n\n<h2 class=\"wp-block-heading\">Aufsichtsbeh\u00f6rde:<\/h2>\n\n\n\n<p>Gesundheitsamt Tauberbischofsheim<br>Gartenstra\u00dfe 1<br>97941 Tauberbischofsheim<\/p>\n\n\n\n<p><a href=\"https:\/\/www.main-tauber-kreis.de\/Verwaltung-\nService\/Landratsamt\/Aemter-und-\nDezernate\/index.php?La=1&amp;NavID=2177.47&amp;object=tx%7C2177.7056.1&amp;kat=&amp;kuo=2&amp;sub=0\ntarget=\">https:\/\/www.main-tauber-kreis.de\/Verwaltung-Service\/Landratsamt\/Aemter-und- Dezernate\/index.php?La=1&amp;NavID=2177.47&amp;object=tx%7C2177.7056.1&amp;kat=&amp;kuo=2&amp;sub=0&lt;<\/a><\/p>\n\n\n\n<h2 class=\"wp-block-heading\">Angaben zur Berufshaftpflichtversicherung<\/h2>\n\n\n\n<p>Name und Sitz des Versicherers:<br>Continentale Krankenversicherung a.G.<br>Ruhrallee 92, 44139 Dortmund<br>Telefon: 0231 919-0, Telefax: 0231 919-2913<br>E-Mail: info@continentale.de<\/p>\n\n\n\n<p>Geltungsraum der Versicherung: Deutschland<\/p>\n\n\n\n<h2 class=\"wp-block-heading\">Streitschlichtung<\/h2>\n\n\n\n<p>Wir sind nicht bereit oder verpflichtet, an Streitbeilegungsverfahren vor einer Verbraucherschlichtungsstelle teilzunehmen.<\/p>\n\n\n\n<h2 class=\"wp-block-heading\">Haftung f\u00fcr Inhalte<\/h2>\n\n\n\n<p>Als Diensteanbieter sind wir gem\u00e4\u00df \u00a7 7 Abs.1 TMG f\u00fcr eigene Inhalte auf diesen Seiten nach den allgemeinen Gesetzen verantwortlich. Nach \u00a7\u00a7 8 bis 10 TMG sind wir als Diensteanbieter jedoch nicht verpflichtet, \u00fcbermittelte oder gespeicherte fremde Informationen zu \u00fcberwachen oder nach Umst\u00e4nden zu forschen, die auf eine rechtswidrige T\u00e4tigkeit hinweisen.<\/p>\n\n\n\n<p>Verpflichtungen zur Entfernung oder Sperrung der Nutzung von Informationen nach den allgemeinen Gesetzen bleiben hiervon unber\u00fchrt. Eine diesbez\u00fcgliche Haftung ist jedoch erst ab dem Zeitpunkt der Kenntnis einer konkreten Rechtsverletzung m\u00f6glich. Bei Bekanntwerden von entsprechenden Rechtsverletzungen werden wir diese Inhalte umgehend entfernen.<\/p>\n\n\n\n<h2 class=\"wp-block-heading\">Haftung f\u00fcr Links<\/h2>\n\n\n\n<p>Unser Angebot enth\u00e4lt Links zu externen Websites Dritter, auf deren Inhalte wir keinen Einfluss haben. Deshalb k\u00f6nnen wir f\u00fcr diese fremden Inhalte auch keine Gew\u00e4hr \u00fcbernehmen. F\u00fcr die Inhalte der verlinkten Seiten ist stets der jeweilige Anbieter oder Betreiber der Seiten verantwortlich. Die verlinkten Seiten wurden zum Zeitpunkt der Verlinkung auf m\u00f6gliche Rechtsverst\u00f6\u00dfe \u00fcberpr\u00fcft. Rechtswidrige Inhalte waren zum Zeitpunkt der Verlinkung nicht erkennbar.<\/p>\n\n\n\n<p>Eine permanente inhaltliche Kontrolle der verlinkten Seiten ist jedoch ohne konkrete Anhaltspunkte einer Rechtsverletzung nicht zumutbar. Bei Bekanntwerden von Rechtsverletzungen werden wir derartige Links umgehend entfernen.<\/p>\n\n\n\n<h2 class=\"wp-block-heading\">Urheberrecht<\/h2>\n\n\n\n<p>Die durch die Seitenbetreiber erstellten Inhalte und Werke auf diesen Seiten unterliegen dem deutschen Urheberrecht. Die Vervielf\u00e4ltigung, Bearbeitung, Verbreitung und jede Art der Verwertung au\u00dferhalb der Grenzen des Urheberrechtes bed\u00fcrfen der schriftlichen Zustimmung des jeweiligen Autors bzw. Erstellers. Downloads und Kopien dieser Seite sind nur f\u00fcr den privaten, nicht kommerziellen Gebrauch gestattet.<\/p>\n\n\n\n<p>Soweit die Inhalte auf dieser Seite nicht vom Betreiber erstellt wurden, werden die Urheberrechte Dritter beachtet. Insbesondere werden Inhalte Dritter als solche gekennzeichnet. Sollten Sie trotzdem auf eine Urheberrechtsverletzung aufmerksam werden, bitten wir um einen entsprechenden Hinweis. Bei Bekanntwerden von Rechtsverletzungen werden wir derartige Inhalte umgehend entfernen.<\/p>\n\n\n\n<p><a href=\"https:\/\/www.main-tauber-kreis.de\/Verwaltung-\nService\/Landratsamt\/Aemter-und-\nDezernate\/index.php?La=1&amp;NavID=2177.47&amp;object=tx%7C2177.7056.1&amp;kat=&amp;kuo=2&amp;sub=0\ntarget=\">Quelle: <\/a><a href=\"https:\/\/www.e-recht24.de\">https:\/\/www.e-recht24.de<\/a><\/p>\n","protected":false},"excerpt":{"rendered":"<p>Impressum Angaben gem\u00e4\u00df \u00a7 5 TMG: Naturheilpraxis JahrmannKanalstra\u00dfe 2197990 Weikersheim Vertreten durch: Dr.rer.nat Thomas JahrmannSusanne Jahrmann Kontakt: Telefon: 07934 994220Telefax: 07934 994221E-Mail: info@praxis-jahrmann.de Aufsichtsbeh\u00f6rde: Gesundheitsamt TauberbischofsheimGartenstra\u00dfe 197941 Tauberbischofsheim https:\/\/www.main-tauber-kreis.de\/Verwaltung-Service\/Landratsamt\/Aemter-und- Dezernate\/index.php?La=1&amp;NavID=2177.47&amp;object=tx%7C2177.7056.1&amp;kat=&amp;kuo=2&amp;sub=0&lt; Angaben zur Berufshaftpflichtversicherung Name und Sitz des Versicherers:Continentale Krankenversicherung a.G.Ruhrallee 92, 44139 DortmundTelefon: 0231 919-0, Telefax: 0231 919-2913E-Mail: info@continentale.de Geltungsraum der Versicherung: Deutschland Streitschlichtung Wir sind nicht bereit oder verpflichtet, an Streitbeilegungsverfahren vor einer Verbraucherschlichtungsstelle teilzunehmen. Haftung f\u00fcr Inhalte Als Diensteanbieter sind wir gem\u00e4\u00df \u00a7 7 Abs.1 TMG f\u00fcr eigene Inhalte auf diesen Seiten nach den allgemeinen Gesetzen verantwortlich. Nach \u00a7\u00a7 8 bis 10 TMG sind wir als Diensteanbieter jedoch nicht verpflichtet, \u00fcbermittelte oder gespeicherte fremde Informationen zu \u00fcberwachen oder nach Umst\u00e4nden zu forschen, die auf eine rechtswidrige T\u00e4tigkeit hinweisen. Verpflichtungen zur Entfernung oder Sperrung der Nutzung von Informationen nach den allgemeinen Gesetzen bleiben hiervon unber\u00fchrt. Eine diesbez\u00fcgliche Haftung ist jedoch erst ab dem Zeitpunkt der Kenntnis einer konkreten Rechtsverletzung&hellip;<\/p>\n<p> <a class=\"more-link\" href=\"https:\/\/praxis-jahrmann.de\/?page_id=41\">Read more<\/a><\/p>\n","protected":false},"author":1,"featured_media":0,"parent":0,"menu_order":0,"comment_status":"closed","ping_status":"closed","template":"","meta":{"footnotes":""},"class_list":["post-41","page","type-page","status-publish"],"_links":{"self":[{"href":"https:\/\/praxis-jahrmann.de\/index.php?rest_route=\/wp\/v2\/pages\/41","targetHints":{"allow":["GET"]}}],"collection":[{"href":"https:\/\/praxis-jahrmann.de\/index.php?rest_route=\/wp\/v2\/pages"}],"about":[{"href":"https:\/\/praxis-jahrmann.de\/index.php?rest_route=\/wp\/v2\/types\/page"}],"author":[{"embeddable":true,"href":"https:\/\/praxis-jahrmann.de\/index.php?rest_route=\/wp\/v2\/users\/1"}],"replies":[{"embeddable":true,"href":"https:\/\/praxis-jahrmann.de\/index.php?rest_route=%2Fwp%2Fv2%2Fcomments&post=41"}],"version-history":[{"count":2,"href":"https:\/\/praxis-jahrmann.de\/index.php?rest_route=\/wp\/v2\/pages\/41\/revisions"}],"predecessor-version":[{"id":43,"href":"https:\/\/praxis-jahrmann.de\/index.php?rest_route=\/wp\/v2\/pages\/41\/revisions\/43"}],"wp:attachment":[{"href":"https:\/\/praxis-jahrmann.de\/index.php?rest_route=%2Fwp%2Fv2%2Fmedia&parent=41"}],"curies":[{"name":"wp","href":"https:\/\/api.w.org\/{rel}","templated":true}]}}