{"id":30,"date":"2022-03-22T13:57:22","date_gmt":"2022-03-22T13:57:22","guid":{"rendered":"https:\/\/praxis-jahrmann.de\/?page_id=30"},"modified":"2022-03-23T10:49:15","modified_gmt":"2022-03-23T10:49:15","slug":"umstimmen","status":"publish","type":"page","link":"https:\/\/praxis-jahrmann.de\/?page_id=30","title":{"rendered":"Umstimmen"},"content":{"rendered":"\n<p>Sanfte Reize geben dem K\u00f6rper einen Ansto\u00df zur Selbstheilung:<\/p>\n\n\n\n<ul class=\"wp-block-list\"><li>Hom\u00f6opathie f\u00fcr jung und alt<\/li><li>Eine Kombination \u00f6stlicher und westlicher Therapien ist die Hom\u00f6osiniatrie. Dabei werden hom\u00f6opathische Medikamente in zugeordnete Akupunkturpunkte injiziert.<\/li><li>Aderl\u00e4sse entlasten das Herz und helfen Entgiften.<\/li><li>In unsere ganzheitlichen R\u00fcckenbehandlungen flie\u00dfen Elemente aus Chiropraktik, Osteopathie, Shiatsu sowie verschiedene Ausleitungsverfahren wie Schr\u00f6pf- und Azidosemassagen ein.<\/li><\/ul>\n","protected":false},"excerpt":{"rendered":"<p>Sanfte Reize geben dem K\u00f6rper einen Ansto\u00df zur Selbstheilung: Hom\u00f6opathie f\u00fcr jung und alt Eine Kombination \u00f6stlicher und westlicher Therapien ist die Hom\u00f6osiniatrie. Dabei werden hom\u00f6opathische Medikamente in zugeordnete Akupunkturpunkte injiziert. Aderl\u00e4sse entlasten das Herz und helfen Entgiften. In unsere ganzheitlichen R\u00fcckenbehandlungen flie\u00dfen Elemente aus Chiropraktik, Osteopathie, Shiatsu sowie verschiedene Ausleitungsverfahren wie Schr\u00f6pf- und Azidosemassagen ein.<\/p>\n","protected":false},"author":1,"featured_media":0,"parent":24,"menu_order":0,"comment_status":"closed","ping_status":"closed","template":"","meta":{"footnotes":""},"class_list":["post-30","page","type-page","status-publish"],"_links":{"self":[{"href":"https:\/\/praxis-jahrmann.de\/index.php?rest_route=\/wp\/v2\/pages\/30","targetHints":{"allow":["GET"]}}],"collection":[{"href":"https:\/\/praxis-jahrmann.de\/index.php?rest_route=\/wp\/v2\/pages"}],"about":[{"href":"https:\/\/praxis-jahrmann.de\/index.php?rest_route=\/wp\/v2\/types\/page"}],"author":[{"embeddable":true,"href":"https:\/\/praxis-jahrmann.de\/index.php?rest_route=\/wp\/v2\/users\/1"}],"replies":[{"embeddable":true,"href":"https:\/\/praxis-jahrmann.de\/index.php?rest_route=%2Fwp%2Fv2%2Fcomments&post=30"}],"version-history":[{"count":2,"href":"https:\/\/praxis-jahrmann.de\/index.php?rest_route=\/wp\/v2\/pages\/30\/revisions"}],"predecessor-version":[{"id":100,"href":"https:\/\/praxis-jahrmann.de\/index.php?rest_route=\/wp\/v2\/pages\/30\/revisions\/100"}],"up":[{"embeddable":true,"href":"https:\/\/praxis-jahrmann.de\/index.php?rest_route=\/wp\/v2\/pages\/24"}],"wp:attachment":[{"href":"https:\/\/praxis-jahrmann.de\/index.php?rest_route=%2Fwp%2Fv2%2Fmedia&parent=30"}],"curies":[{"name":"wp","href":"https:\/\/api.w.org\/{rel}","templated":true}]}}