{"id":28,"date":"2022-03-22T13:57:02","date_gmt":"2022-03-22T13:57:02","guid":{"rendered":"https:\/\/praxis-jahrmann.de\/?page_id=28"},"modified":"2022-03-23T10:46:29","modified_gmt":"2022-03-23T10:46:29","slug":"regenerieren","status":"publish","type":"page","link":"https:\/\/praxis-jahrmann.de\/?page_id=28","title":{"rendered":"Regenerieren"},"content":{"rendered":"\n<p>Viele Mangelzust\u00e4nde an Vitaminen und anderen Mikron\u00e4hrstoffen bleiben unerkannt. Sie f\u00fchren unter Umst\u00e4nden zu:<\/p>\n\n\n\n<ul class=\"wp-block-list\"><li>Infektanf\u00e4lligkeit<\/li><li>Ersch\u00f6pfung<\/li><li>Depressionen<\/li><\/ul>\n\n\n\n<p>Erh\u00f6hter Bedarf besteht au\u00dferdem bei:<\/p>\n\n\n\n<ul class=\"wp-block-list\"><li>st\u00e4ndigem Stress<\/li><li>Allergien<\/li><li>Rauchen<\/li><li>Belastung der Leber<\/li><li>Arteriosklerose<\/li><li>Diabetes<\/li><\/ul>\n\n\n\n<p>Eine individuelle Erg\u00e4nzung mit einzelnen hochwertigen Mikron\u00e4hrstoffen als Infusion oder zum Einnehmen kann in bestimmten Lebenssituationen sinnvoll sein.<\/p>\n","protected":false},"excerpt":{"rendered":"<p>Viele Mangelzust\u00e4nde an Vitaminen und anderen Mikron\u00e4hrstoffen bleiben unerkannt. Sie f\u00fchren unter Umst\u00e4nden zu: Infektanf\u00e4lligkeit Ersch\u00f6pfung Depressionen Erh\u00f6hter Bedarf besteht au\u00dferdem bei: st\u00e4ndigem Stress Allergien Rauchen Belastung der Leber Arteriosklerose Diabetes Eine individuelle Erg\u00e4nzung mit einzelnen hochwertigen Mikron\u00e4hrstoffen als Infusion oder zum Einnehmen kann in bestimmten Lebenssituationen sinnvoll sein.<\/p>\n","protected":false},"author":1,"featured_media":0,"parent":24,"menu_order":0,"comment_status":"closed","ping_status":"closed","template":"","meta":{"footnotes":""},"class_list":["post-28","page","type-page","status-publish"],"_links":{"self":[{"href":"https:\/\/praxis-jahrmann.de\/index.php?rest_route=\/wp\/v2\/pages\/28","targetHints":{"allow":["GET"]}}],"collection":[{"href":"https:\/\/praxis-jahrmann.de\/index.php?rest_route=\/wp\/v2\/pages"}],"about":[{"href":"https:\/\/praxis-jahrmann.de\/index.php?rest_route=\/wp\/v2\/types\/page"}],"author":[{"embeddable":true,"href":"https:\/\/praxis-jahrmann.de\/index.php?rest_route=\/wp\/v2\/users\/1"}],"replies":[{"embeddable":true,"href":"https:\/\/praxis-jahrmann.de\/index.php?rest_route=%2Fwp%2Fv2%2Fcomments&post=28"}],"version-history":[{"count":2,"href":"https:\/\/praxis-jahrmann.de\/index.php?rest_route=\/wp\/v2\/pages\/28\/revisions"}],"predecessor-version":[{"id":99,"href":"https:\/\/praxis-jahrmann.de\/index.php?rest_route=\/wp\/v2\/pages\/28\/revisions\/99"}],"up":[{"embeddable":true,"href":"https:\/\/praxis-jahrmann.de\/index.php?rest_route=\/wp\/v2\/pages\/24"}],"wp:attachment":[{"href":"https:\/\/praxis-jahrmann.de\/index.php?rest_route=%2Fwp%2Fv2%2Fmedia&parent=28"}],"curies":[{"name":"wp","href":"https:\/\/api.w.org\/{rel}","templated":true}]}}