{"id":26,"date":"2022-03-22T13:56:41","date_gmt":"2022-03-22T13:56:41","guid":{"rendered":"https:\/\/praxis-jahrmann.de\/?page_id=26"},"modified":"2022-03-22T13:59:41","modified_gmt":"2022-03-22T13:59:41","slug":"reinigen","status":"publish","type":"page","link":"https:\/\/praxis-jahrmann.de\/?page_id=26","title":{"rendered":"Reinigen"},"content":{"rendered":"\n<p>Durch unsere heutige Ern\u00e4hrungsform, Umweltgifte und Stress kommt es in unserem K\u00f6rper zu Stoffwechselabf\u00e4llen. Diese f\u00fchren oft schleichend, manchmal akut zu vielen Krankheitsbildern wie:<\/p>\n\n\n\n<ul class=\"wp-block-list\"><li>Magen-Darm-Beschwerden<\/li><li>\u00fcbergewicht<\/li><li>Hoher Blutdruck<\/li><li>Kopfschmerzen<\/li><li>Rheuma<\/li><li>Allergische Erkrankungen<\/li><li>Asthma Bronchiale<\/li><\/ul>\n\n\n\n<p>In jahrtausendealter Tradition werden diese Beschwerden durch die Reinigung des Darmes im Zusammenwirken mit Fasten oder einer individuellen Di\u00e4tform behandelt. Erg\u00e4nzt wird diese Methode heute durch moderne Labordiagnostik und Colon-Hydro-Technik zur sauberen und angenehmen Darmentleerung f\u00fcr eine intensive Reinigung und Entgiftung.<\/p>\n","protected":false},"excerpt":{"rendered":"<p>Durch unsere heutige Ern\u00e4hrungsform, Umweltgifte und Stress kommt es in unserem K\u00f6rper zu Stoffwechselabf\u00e4llen. Diese f\u00fchren oft schleichend, manchmal akut zu vielen Krankheitsbildern wie: Magen-Darm-Beschwerden \u00fcbergewicht Hoher Blutdruck Kopfschmerzen Rheuma Allergische Erkrankungen Asthma Bronchiale In jahrtausendealter Tradition werden diese Beschwerden durch die Reinigung des Darmes im Zusammenwirken mit Fasten oder einer individuellen Di\u00e4tform behandelt. Erg\u00e4nzt wird diese Methode heute durch moderne Labordiagnostik und Colon-Hydro-Technik zur sauberen und angenehmen Darmentleerung f\u00fcr eine intensive Reinigung und Entgiftung.<\/p>\n","protected":false},"author":1,"featured_media":0,"parent":24,"menu_order":0,"comment_status":"closed","ping_status":"closed","template":"","meta":{"footnotes":""},"class_list":["post-26","page","type-page","status-publish"],"_links":{"self":[{"href":"https:\/\/praxis-jahrmann.de\/index.php?rest_route=\/wp\/v2\/pages\/26","targetHints":{"allow":["GET"]}}],"collection":[{"href":"https:\/\/praxis-jahrmann.de\/index.php?rest_route=\/wp\/v2\/pages"}],"about":[{"href":"https:\/\/praxis-jahrmann.de\/index.php?rest_route=\/wp\/v2\/types\/page"}],"author":[{"embeddable":true,"href":"https:\/\/praxis-jahrmann.de\/index.php?rest_route=\/wp\/v2\/users\/1"}],"replies":[{"embeddable":true,"href":"https:\/\/praxis-jahrmann.de\/index.php?rest_route=%2Fwp%2Fv2%2Fcomments&post=26"}],"version-history":[{"count":1,"href":"https:\/\/praxis-jahrmann.de\/index.php?rest_route=\/wp\/v2\/pages\/26\/revisions"}],"predecessor-version":[{"id":27,"href":"https:\/\/praxis-jahrmann.de\/index.php?rest_route=\/wp\/v2\/pages\/26\/revisions\/27"}],"up":[{"embeddable":true,"href":"https:\/\/praxis-jahrmann.de\/index.php?rest_route=\/wp\/v2\/pages\/24"}],"wp:attachment":[{"href":"https:\/\/praxis-jahrmann.de\/index.php?rest_route=%2Fwp%2Fv2%2Fmedia&parent=26"}],"curies":[{"name":"wp","href":"https:\/\/api.w.org\/{rel}","templated":true}]}}