{"id":19,"date":"2022-03-22T13:52:24","date_gmt":"2022-03-22T13:52:24","guid":{"rendered":"https:\/\/praxis-jahrmann.de\/?page_id=19"},"modified":"2022-03-22T13:53:19","modified_gmt":"2022-03-22T13:53:19","slug":"susanne-jahrmann","status":"publish","type":"page","link":"https:\/\/praxis-jahrmann.de\/?page_id=19","title":{"rendered":"Susanne Jahrmann"},"content":{"rendered":"\n<p>geboren 1967 in Freiburg im Br., verheiratet seit 1991, zwei T\u00f6chter. Studium der Chemie in Freiburg im Breisgau.1990 Vordiplom<img decoding=\"async\" alt=\"\" src=\"http:\/\/jahrmann.poly-dev.de\/jahrmann\/img\/susanne_small.jpg\" style=\"float:right; height:350px; margin:20px; width:316px\">\n<\/p>\n\n\n\n<ul class=\"wp-block-list\"><li><strong><big>1992-1995<\/big><\/strong> Ausbildung zur Heilpraktikerin bei den Deutschen Paracelsus Schulen in Freiburg. Ausbildung in Shiatsu nach Wataru Ohashi<\/li><li><strong><big>1995<\/big><\/strong> Zulassung zur Heilpraktikerin durch das Gesundheitsamt Freiburg<\/li><li><strong><big>1996-1999<\/big><\/strong> selbst\u00e4ndige Praxist\u00e4tigkeit in Badenweiler<\/li><li><strong><big>1999-2001<\/big><\/strong> Mitarbeit in F.X. Mayr Zentrum unter \u00e4rztlicher Leitung auf Teneriffa mit den Schwerpunkten Colon-Hydro-Therapie, Darmreinigung. Ausbildung bei Dr. med. Renate Collier in Azidosetherapie<\/li><li><strong><big>2001- 2004<\/big><\/strong> Geimeinschaftspraxis in Puerto de la Cruz, Teneriffa<\/li><li>Ausbildung in Applied Kinesiologie und Neuralkinesiologie nach Dr. Klinghardt, Schwerpunkt Schwermetallausleitung<\/li><li><big>seit <strong>2004<\/strong><\/big> Gemeinschaftspraxis in Weikersheim, Main-Tauber Kreis<\/li><\/ul>\n","protected":false},"excerpt":{"rendered":"<p>geboren 1967 in Freiburg im Br., verheiratet seit 1991, zwei T\u00f6chter. Studium der Chemie in Freiburg im Breisgau.1990 Vordiplom 1992-1995 Ausbildung zur Heilpraktikerin bei den Deutschen Paracelsus Schulen in Freiburg. Ausbildung in Shiatsu nach Wataru Ohashi 1995 Zulassung zur Heilpraktikerin durch das Gesundheitsamt Freiburg 1996-1999 selbst\u00e4ndige Praxist\u00e4tigkeit in Badenweiler 1999-2001 Mitarbeit in F.X. Mayr Zentrum unter \u00e4rztlicher Leitung auf Teneriffa mit den Schwerpunkten Colon-Hydro-Therapie, Darmreinigung. Ausbildung bei Dr. med. Renate Collier in Azidosetherapie 2001- 2004 Geimeinschaftspraxis in Puerto de la Cruz, Teneriffa Ausbildung in Applied Kinesiologie und Neuralkinesiologie nach Dr. Klinghardt, Schwerpunkt Schwermetallausleitung seit 2004 Gemeinschaftspraxis in Weikersheim, Main-Tauber Kreis<\/p>\n","protected":false},"author":1,"featured_media":0,"parent":14,"menu_order":0,"comment_status":"closed","ping_status":"closed","template":"","meta":{"footnotes":""},"class_list":["post-19","page","type-page","status-publish"],"_links":{"self":[{"href":"https:\/\/praxis-jahrmann.de\/index.php?rest_route=\/wp\/v2\/pages\/19","targetHints":{"allow":["GET"]}}],"collection":[{"href":"https:\/\/praxis-jahrmann.de\/index.php?rest_route=\/wp\/v2\/pages"}],"about":[{"href":"https:\/\/praxis-jahrmann.de\/index.php?rest_route=\/wp\/v2\/types\/page"}],"author":[{"embeddable":true,"href":"https:\/\/praxis-jahrmann.de\/index.php?rest_route=\/wp\/v2\/users\/1"}],"replies":[{"embeddable":true,"href":"https:\/\/praxis-jahrmann.de\/index.php?rest_route=%2Fwp%2Fv2%2Fcomments&post=19"}],"version-history":[{"count":2,"href":"https:\/\/praxis-jahrmann.de\/index.php?rest_route=\/wp\/v2\/pages\/19\/revisions"}],"predecessor-version":[{"id":21,"href":"https:\/\/praxis-jahrmann.de\/index.php?rest_route=\/wp\/v2\/pages\/19\/revisions\/21"}],"up":[{"embeddable":true,"href":"https:\/\/praxis-jahrmann.de\/index.php?rest_route=\/wp\/v2\/pages\/14"}],"wp:attachment":[{"href":"https:\/\/praxis-jahrmann.de\/index.php?rest_route=%2Fwp%2Fv2%2Fmedia&parent=19"}],"curies":[{"name":"wp","href":"https:\/\/api.w.org\/{rel}","templated":true}]}}