{"id":14,"date":"2022-03-22T10:37:57","date_gmt":"2022-03-22T10:37:57","guid":{"rendered":"https:\/\/praxis-jahrmann.de\/?page_id=14"},"modified":"2022-03-22T15:19:20","modified_gmt":"2022-03-22T15:19:20","slug":"ueber-uns","status":"publish","type":"page","link":"https:\/\/praxis-jahrmann.de\/?page_id=14","title":{"rendered":"\u00dcber uns"},"content":{"rendered":"\n<p>Die Freude an der Naturheilkunde entdeckten wir w\u00e4hrend unseres Studiums. <\/p>\n\n\n\n<p>Es folgte eine gemeinsame dreij\u00e4hrige Ausbildung zu Heilpraktikern an der Deutschen Paracelsus Schule, st\u00e4ndige Fort- und Weiterbildung im In- und Ausland und zw\u00f6lf Jahre T\u00e4tigkeit in eigener Praxis. <\/p>\n\n\n\n<p>Pr\u00e4gend f\u00fcr unsere Arbeit war die Biochemie als wichtige Grundlage f\u00fcr die orthomolekulare Medizin, die mit ihren breiten Anwendungsm\u00f6glichkeiten eine tragende S\u00e4ule in unserer Naturheilpraxis ist.<\/p>\n\n\n\n<p> Die Bedeutung der Darmsanierung als buchst\u00e4bliche Wurzel der Gesundheit durften wir in zweij\u00e4hriger Mitarbeit in einem F. X. Mayr- Institut unter \u00e4rztlicher Leitung erfahren. Sehr wertvoll war in diesem Rahmen die Ausbildung bei Dr. med. Renate Collier, Sch\u00fclerin von Dr. F. X. Mayr und Begr\u00fcnderin der Azidosetherapie.<\/p>\n","protected":false},"excerpt":{"rendered":"<p>Die Freude an der Naturheilkunde entdeckten wir w\u00e4hrend unseres Studiums. Es folgte eine gemeinsame dreij\u00e4hrige Ausbildung zu Heilpraktikern an der Deutschen Paracelsus Schule, st\u00e4ndige Fort- und Weiterbildung im In- und Ausland und zw\u00f6lf Jahre T\u00e4tigkeit in eigener Praxis. Pr\u00e4gend f\u00fcr unsere Arbeit war die Biochemie als wichtige Grundlage f\u00fcr die orthomolekulare Medizin, die mit ihren breiten Anwendungsm\u00f6glichkeiten eine tragende S\u00e4ule in unserer Naturheilpraxis ist. Die Bedeutung der Darmsanierung als buchst\u00e4bliche Wurzel der Gesundheit durften wir in zweij\u00e4hriger Mitarbeit in einem F. X. Mayr- Institut unter \u00e4rztlicher Leitung erfahren. Sehr wertvoll war in diesem Rahmen die Ausbildung bei Dr. med. Renate Collier, Sch\u00fclerin von Dr. F. X. Mayr und Begr\u00fcnderin der Azidosetherapie.<\/p>\n","protected":false},"author":1,"featured_media":0,"parent":0,"menu_order":0,"comment_status":"closed","ping_status":"closed","template":"","meta":{"footnotes":""},"class_list":["post-14","page","type-page","status-publish"],"_links":{"self":[{"href":"https:\/\/praxis-jahrmann.de\/index.php?rest_route=\/wp\/v2\/pages\/14","targetHints":{"allow":["GET"]}}],"collection":[{"href":"https:\/\/praxis-jahrmann.de\/index.php?rest_route=\/wp\/v2\/pages"}],"about":[{"href":"https:\/\/praxis-jahrmann.de\/index.php?rest_route=\/wp\/v2\/types\/page"}],"author":[{"embeddable":true,"href":"https:\/\/praxis-jahrmann.de\/index.php?rest_route=\/wp\/v2\/users\/1"}],"replies":[{"embeddable":true,"href":"https:\/\/praxis-jahrmann.de\/index.php?rest_route=%2Fwp%2Fv2%2Fcomments&post=14"}],"version-history":[{"count":2,"href":"https:\/\/praxis-jahrmann.de\/index.php?rest_route=\/wp\/v2\/pages\/14\/revisions"}],"predecessor-version":[{"id":68,"href":"https:\/\/praxis-jahrmann.de\/index.php?rest_route=\/wp\/v2\/pages\/14\/revisions\/68"}],"wp:attachment":[{"href":"https:\/\/praxis-jahrmann.de\/index.php?rest_route=%2Fwp%2Fv2%2Fmedia&parent=14"}],"curies":[{"name":"wp","href":"https:\/\/api.w.org\/{rel}","templated":true}]}}